{"id":8134,"date":"2025-09-09T11:39:27","date_gmt":"2025-09-09T09:39:27","guid":{"rendered":"https:\/\/www.groupe-bils-deroo.com\/?page_id=8134"},"modified":"2025-09-09T16:09:39","modified_gmt":"2025-09-09T14:09:39","slug":"merci-4pl","status":"publish","type":"page","link":"https:\/\/www.groupe-bils-deroo.com\/en\/merci-4pl\/","title":{"rendered":"Merci 4PL"},"content":{"rendered":"<div data-elementor-type=\"wp-page\" data-elementor-id=\"8134\" class=\"elementor elementor-8134\" data-elementor-post-type=\"page\">\n\t\t\t\t<div class=\"elementor-element elementor-element-c62e68c e-flex e-con-boxed e-con e-parent\" data-id=\"c62e68c\" data-element_type=\"container\" data-e-type=\"container\" data-settings=\"{&quot;background_background&quot;:&quot;classic&quot;}\">\n\t\t\t\t\t<div class=\"e-con-inner\">\n\t\t\t\t<div class=\"elementor-element elementor-element-ef6c29b elementor-hidden-desktop elementor-hidden-tablet_extra elementor-hidden-tablet elementor-hidden-mobile elementor-widget elementor-widget-heading\" data-id=\"ef6c29b\" data-element_type=\"widget\" data-e-type=\"widget\" data-widget_type=\"heading.default\">\n\t\t\t\t<div class=\"elementor-widget-container\">\n\t\t\t\t\t<h2 class=\"elementor-heading-title elementor-size-default\">\u2714\ufe0f<\/h2>\t\t\t\t<\/div>\n\t\t\t\t<\/div>\n\t\t\t\t<div class=\"elementor-element elementor-element-b4ee109 elementor-widget elementor-widget-image\" data-id=\"b4ee109\" data-element_type=\"widget\" data-e-type=\"widget\" data-widget_type=\"image.default\">\n\t\t\t\t<div class=\"elementor-widget-container\">\n\t\t\t\t\t\t\t\t\t\t\t\t\t\t\t<img decoding=\"async\" width=\"65\" height=\"59\" src=\"https:\/\/www.groupe-bils-deroo.com\/wp-content\/uploads\/2025\/09\/Bulle.png\" class=\"attachment-large size-large wp-image-8399\" alt=\"\" srcset=\"https:\/\/www.groupe-bils-deroo.com\/wp-content\/uploads\/2025\/09\/Bulle.png 65w, https:\/\/www.groupe-bils-deroo.com\/wp-content\/uploads\/2025\/09\/Bulle-13x12.png 13w\" sizes=\"(max-width: 65px) 100vw, 65px\" \/>\t\t\t\t\t\t\t\t\t\t\t\t\t\t\t<\/div>\n\t\t\t\t<\/div>\n\t\t\t\t<div class=\"elementor-element elementor-element-4a75cdf elementor-widget elementor-widget-heading\" data-id=\"4a75cdf\" data-element_type=\"widget\" data-e-type=\"widget\" data-widget_type=\"heading.default\">\n\t\t\t\t<div class=\"elementor-widget-container\">\n\t\t\t\t\t<h2 class=\"elementor-heading-title elementor-size-default\">Merci ! Votre livre blanc est pr\u00eat<\/h2>\t\t\t\t<\/div>\n\t\t\t\t<\/div>\n\t\t\t\t<div class=\"elementor-element elementor-element-e153ca9 elementor-widget elementor-widget-text-editor\" data-id=\"e153ca9\" data-element_type=\"widget\" data-e-type=\"widget\" data-widget_type=\"text-editor.default\">\n\t\t\t\t<div class=\"elementor-widget-container\">\n\t\t\t\t\t\t\t\t\t<p>Cliquez ci-dessous pour t\u00e9l\u00e9charger votre guide 4PL \u2b07\ufe0f<\/p>\t\t\t\t\t\t\t\t<\/div>\n\t\t\t\t<\/div>\n\t\t\t\t<div class=\"elementor-element elementor-element-e3122e7 elementor-widget elementor-widget-image\" data-id=\"e3122e7\" data-element_type=\"widget\" data-e-type=\"widget\" data-widget_type=\"image.default\">\n\t\t\t\t<div class=\"elementor-widget-container\">\n\t\t\t\t\t\t\t\t\t\t\t\t\t\t\t\t<a href=\"http:\/\/www.groupe-bils-deroo.com\/wp-content\/uploads\/2025\/09\/4PL-LART-DORCHESTRER-LA-SUPPLY-CHAIN-PARTIE-1.pdf\" target=\"_blank\">\n\t\t\t\t\t\t\t<img fetchpriority=\"high\" decoding=\"async\" width=\"1920\" height=\"1080\" src=\"https:\/\/www.groupe-bils-deroo.com\/wp-content\/uploads\/2025\/09\/Livre_Blanc___Intro_Chap1_004_page-0001.jpg\" class=\"attachment-full size-full wp-image-8147\" alt=\"\" srcset=\"https:\/\/www.groupe-bils-deroo.com\/wp-content\/uploads\/2025\/09\/Livre_Blanc___Intro_Chap1_004_page-0001.jpg 1920w, https:\/\/www.groupe-bils-deroo.com\/wp-content\/uploads\/2025\/09\/Livre_Blanc___Intro_Chap1_004_page-0001-300x169.jpg 300w, https:\/\/www.groupe-bils-deroo.com\/wp-content\/uploads\/2025\/09\/Livre_Blanc___Intro_Chap1_004_page-0001-1024x576.jpg 1024w, https:\/\/www.groupe-bils-deroo.com\/wp-content\/uploads\/2025\/09\/Livre_Blanc___Intro_Chap1_004_page-0001-768x432.jpg 768w, https:\/\/www.groupe-bils-deroo.com\/wp-content\/uploads\/2025\/09\/Livre_Blanc___Intro_Chap1_004_page-0001-1536x864.jpg 1536w, https:\/\/www.groupe-bils-deroo.com\/wp-content\/uploads\/2025\/09\/Livre_Blanc___Intro_Chap1_004_page-0001-18x10.jpg 18w\" sizes=\"(max-width: 1920px) 100vw, 1920px\" \/>\t\t\t\t\t\t\t\t<\/a>\n\t\t\t\t\t\t\t\t\t\t\t\t\t\t\t<\/div>\n\t\t\t\t<\/div>\n\t\t\t\t<div class=\"elementor-element elementor-element-83c3066 elementor-align-center elementor-widget elementor-widget-button\" data-id=\"83c3066\" data-element_type=\"widget\" data-e-type=\"widget\" data-widget_type=\"button.default\">\n\t\t\t\t<div class=\"elementor-widget-container\">\n\t\t\t\t\t\t\t\t\t<div class=\"elementor-button-wrapper\">\n\t\t\t\t\t<a class=\"elementor-button elementor-button-link elementor-size-sm\" href=\"http:\/\/www.groupe-bils-deroo.com\/wp-content\/uploads\/2025\/09\/4PL-LART-DORCHESTRER-LA-SUPPLY-CHAIN-PARTIE-1.pdf\" target=\"_blank\">\n\t\t\t\t\t\t<span class=\"elementor-button-content-wrapper\">\n\t\t\t\t\t\t\t\t\t<span class=\"elementor-button-text\">T\u00c9L\u00c9CHARGER LE LIVRE BLANC<\/span>\n\t\t\t\t\t<\/span>\n\t\t\t\t\t<\/a>\n\t\t\t\t<\/div>\n\t\t\t\t\t\t\t\t<\/div>\n\t\t\t\t<\/div>\n\t\t\t\t\t<\/div>\n\t\t\t\t<\/div>\n\t\t\t\t<\/div>","protected":false},"excerpt":{"rendered":"<p>\u2714\ufe0f Merci ! Votre livre blanc est pr\u00eat Cliquez ci-dessous pour t\u00e9l\u00e9charger votre guide 4PL \u2b07\ufe0f T\u00c9L\u00c9CHARGER LE LIVRE BLANC<\/p>","protected":false},"author":1,"featured_media":0,"parent":0,"menu_order":0,"comment_status":"closed","ping_status":"closed","template":"elementor_header_footer","meta":{"_acf_changed":false,"footnotes":""},"class_list":["post-8134","page","type-page","status-publish","hentry"],"acf":[],"_links":{"self":[{"href":"https:\/\/www.groupe-bils-deroo.com\/en\/wp-json\/wp\/v2\/pages\/8134","targetHints":{"allow":["GET"]}}],"collection":[{"href":"https:\/\/www.groupe-bils-deroo.com\/en\/wp-json\/wp\/v2\/pages"}],"about":[{"href":"https:\/\/www.groupe-bils-deroo.com\/en\/wp-json\/wp\/v2\/types\/page"}],"author":[{"embeddable":true,"href":"https:\/\/www.groupe-bils-deroo.com\/en\/wp-json\/wp\/v2\/users\/1"}],"replies":[{"embeddable":true,"href":"https:\/\/www.groupe-bils-deroo.com\/en\/wp-json\/wp\/v2\/comments?post=8134"}],"version-history":[{"count":79,"href":"https:\/\/www.groupe-bils-deroo.com\/en\/wp-json\/wp\/v2\/pages\/8134\/revisions"}],"predecessor-version":[{"id":8408,"href":"https:\/\/www.groupe-bils-deroo.com\/en\/wp-json\/wp\/v2\/pages\/8134\/revisions\/8408"}],"wp:attachment":[{"href":"https:\/\/www.groupe-bils-deroo.com\/en\/wp-json\/wp\/v2\/media?parent=8134"}],"curies":[{"name":"wp","href":"https:\/\/api.w.org\/{rel}","templated":true}]}}