{"id":7322,"date":"2025-07-11T15:38:06","date_gmt":"2025-07-11T13:38:06","guid":{"rendered":"https:\/\/www.groupe-bils-deroo.com\/?page_id=7322"},"modified":"2026-02-02T10:33:56","modified_gmt":"2026-02-02T09:33:56","slug":"inscription-newsletter","status":"publish","type":"page","link":"https:\/\/www.groupe-bils-deroo.com\/en\/inscription-newsletter\/","title":{"rendered":"Inscription Newsletter"},"content":{"rendered":"\t\t<div data-elementor-type=\"wp-page\" data-elementor-id=\"7322\" class=\"elementor elementor-7322\" data-elementor-post-type=\"page\">\n\t\t\t\t<div class=\"elementor-element elementor-element-62ad9e04 e-flex e-con-boxed e-con e-parent\" data-id=\"62ad9e04\" data-element_type=\"container\" data-e-type=\"container\" data-settings=\"{&quot;background_background&quot;:&quot;classic&quot;}\">\n\t\t\t\t\t<div class=\"e-con-inner\">\n\t\t\t\t<div class=\"elementor-element elementor-element-415c40ae elementor-widget__width-initial elementor-widget-tablet__width-inherit elementor-widget elementor-widget-heading\" data-id=\"415c40ae\" data-element_type=\"widget\" data-e-type=\"widget\" data-widget_type=\"heading.default\">\n\t\t\t\t<div class=\"elementor-widget-container\">\n\t\t\t\t\t<h1 class=\"elementor-heading-title elementor-size-default\">Inscrivez-vous \u00e0 notre newsletter !<\/h1>\t\t\t\t<\/div>\n\t\t\t\t<\/div>\n\t\t\t\t<div class=\"elementor-element elementor-element-3ecb2a11 elementor-widget__width-initial elementor-widget-mobile__width-inherit elementor-widget-tablet__width-inherit elementor-widget elementor-widget-text-editor\" data-id=\"3ecb2a11\" data-element_type=\"widget\" data-e-type=\"widget\" data-widget_type=\"text-editor.default\">\n\t\t\t\t<div class=\"elementor-widget-container\">\n\t\t\t\t\t\t\t\t\t<p>Recevez chaque mois l&rsquo;actualit\u00e9 du Groupe Bils-Deroo : projets, innovations, engagements durables et solutions logistiques.<\/p>\t\t\t\t\t\t\t\t<\/div>\n\t\t\t\t<\/div>\n\t\t\t\t\t<\/div>\n\t\t\t\t<\/div>\n\t\t<div class=\"elementor-element elementor-element-7caa3567 e-con-full e-flex e-con e-parent\" data-id=\"7caa3567\" data-element_type=\"container\" data-e-type=\"container\" data-settings=\"{&quot;background_background&quot;:&quot;classic&quot;}\">\n\t\t\t\t<div class=\"elementor-element elementor-element-541f5fc elementor-button-align-center elementor-widget__width-initial elementor-widget-tablet_extra__width-initial elementor-widget-tablet__width-initial elementor-widget-mobile__width-initial elementor-widget elementor-widget-form\" data-id=\"541f5fc\" data-element_type=\"widget\" data-e-type=\"widget\" data-settings=\"{&quot;step_next_label&quot;:&quot;Suivant&quot;,&quot;step_previous_label&quot;:&quot;Pr\\u00e9c\\u00e9dent&quot;,&quot;step_type&quot;:&quot;none&quot;,&quot;button_width&quot;:&quot;100&quot;,&quot;step_icon_shape&quot;:&quot;circle&quot;}\" data-widget_type=\"form.default\">\n\t\t\t\t<div class=\"elementor-widget-container\">\n\t\t\t\t\t\t\t<form class=\"elementor-form\" method=\"post\" id=\"newsletter_form\" name=\"Newsletter\" aria-label=\"Newsletter\">\n\t\t\t<input type=\"hidden\" name=\"post_id\" value=\"7322\"\/>\n\t\t\t<input type=\"hidden\" name=\"form_id\" value=\"541f5fc\"\/>\n\t\t\t<input type=\"hidden\" name=\"referer_title\" value=\"Inscription Newsletter - Groupe Bils-Deroo\" \/>\n\n\t\t\t\t\t\t\t<input type=\"hidden\" name=\"queried_id\" value=\"7322\"\/>\n\t\t\t\n\t\t\t<div class=\"elementor-form-fields-wrapper elementor-labels-\">\n\t\t\t\t\t\t\t\t<div class=\"elementor-field-type-html elementor-field-group elementor-column elementor-field-group-name elementor-col-100\">\n\t\t\t\t\t<h2 style=\"margin:rem;text-align:center;font-size:1.8rem;font-weight:900;color:#00694A;text-transform:uppercase;\">\n  RESTEZ INFORM\u00c9S\n<\/h2>\n\t\t\t\t<\/div>\n\t\t\t\t\t\t\t\t<div class=\"elementor-field-type-text elementor-field-group elementor-column elementor-field-group-name elementor-col-100\">\n\t\t\t\t\t\t\t\t\t\t\t\t<label for=\"form-field-name\" class=\"elementor-field-label elementor-screen-only\">\n\t\t\t\t\t\t\t\tNom\t\t\t\t\t\t\t<\/label>\n\t\t\t\t\t\t\t\t\t\t\t\t\t\t<input size=\"1\" type=\"text\" name=\"form_fields[name]\" id=\"form-field-name\" class=\"elementor-field elementor-size-sm  elementor-field-textual\" placeholder=\"Nom\">\n\t\t\t\t\t\t\t\t\t\t\t<\/div>\n\t\t\t\t\t\t\t\t<div class=\"elementor-field-type-email elementor-field-group elementor-column elementor-field-group-email elementor-col-100 elementor-field-required\">\n\t\t\t\t\t\t\t\t\t\t\t\t<label for=\"form-field-email\" class=\"elementor-field-label elementor-screen-only\">\n\t\t\t\t\t\t\t\tEmail\t\t\t\t\t\t\t<\/label>\n\t\t\t\t\t\t\t\t\t\t\t\t\t\t<input size=\"1\" type=\"email\" name=\"form_fields[email]\" id=\"form-field-email\" class=\"elementor-field elementor-size-sm  elementor-field-textual\" placeholder=\"Email\" required=\"required\">\n\t\t\t\t\t\t\t\t\t\t\t<\/div>\n\t\t\t\t\t\t\t\t<div class=\"elementor-field-type-recaptcha_v3 elementor-field-group elementor-column elementor-field-group-field_9b26d95 elementor-col-100 recaptcha_v3-bottomright\">\n\t\t\t\t\t<div class=\"elementor-field\" id=\"form-field-field_9b26d95\"><div class=\"elementor-g-recaptcha\" data-sitekey=\"6LfXjYopAAAAANzfMKNbQ41wwN3QN3muc8-5Fdaf\" data-type=\"v3\" data-action=\"Form\" data-badge=\"bottomright\" data-size=\"invisible\"><\/div><\/div>\t\t\t\t<\/div>\n\t\t\t\t\t\t\t\t<div class=\"elementor-field-group elementor-column elementor-field-type-submit elementor-col-100 e-form__buttons\">\n\t\t\t\t\t<button class=\"elementor-button elementor-size-sm\" type=\"submit\">\n\t\t\t\t\t\t<span class=\"elementor-button-content-wrapper\">\n\t\t\t\t\t\t\t\t\t\t\t\t\t\t\t\t\t\t\t\t\t\t<span class=\"elementor-button-text\">ENVOYER<\/span>\n\t\t\t\t\t\t\t\t\t\t\t\t\t<\/span>\n\t\t\t\t\t<\/button>\n\t\t\t\t<\/div>\n\t\t\t<\/div>\n\t\t<\/form>\n\t\t\t\t\t\t<\/div>\n\t\t\t\t<\/div>\n\t\t\t\t<\/div>\n\t\t<div class=\"elementor-element elementor-element-5e336dea e-flex e-con-boxed e-con e-parent\" data-id=\"5e336dea\" data-element_type=\"container\" data-e-type=\"container\">\n\t\t\t\t\t<div class=\"e-con-inner\">\n\t\t<div class=\"elementor-element elementor-element-436bf33d e-con-full animated-slow e-flex elementor-invisible e-con e-child\" data-id=\"436bf33d\" data-element_type=\"container\" data-e-type=\"container\" data-settings=\"{&quot;background_background&quot;:&quot;gradient&quot;,&quot;animation&quot;:&quot;fadeInUp&quot;,&quot;animation_delay&quot;:&quot;200&quot;}\">\n\t\t\t\t<div class=\"elementor-element elementor-element-4502770d elementor-widget elementor-widget-heading\" data-id=\"4502770d\" data-element_type=\"widget\" data-e-type=\"widget\" data-widget_type=\"heading.default\">\n\t\t\t\t<div class=\"elementor-widget-container\">\n\t\t\t\t\t<h3 class=\"elementor-heading-title elementor-size-default\">TRANSPORT ET LOGISTIQUE<\/h3>\t\t\t\t<\/div>\n\t\t\t\t<\/div>\n\t\t\t\t<div class=\"elementor-element elementor-element-79281b0 elementor-widget elementor-widget-image\" data-id=\"79281b0\" data-element_type=\"widget\" data-e-type=\"widget\" data-widget_type=\"image.default\">\n\t\t\t\t<div class=\"elementor-widget-container\">\n\t\t\t\t\t\t\t\t\t\t\t\t\t\t\t<img decoding=\"async\" width=\"150\" height=\"150\" src=\"https:\/\/www.groupe-bils-deroo.com\/wp-content\/uploads\/2025\/06\/Transport-Logistique-150x150.png\" class=\"attachment-thumbnail size-thumbnail wp-image-7305\" alt=\"\" srcset=\"https:\/\/www.groupe-bils-deroo.com\/wp-content\/uploads\/2025\/06\/Transport-Logistique-150x150.png 150w, https:\/\/www.groupe-bils-deroo.com\/wp-content\/uploads\/2025\/06\/Transport-Logistique-300x300.png 300w, https:\/\/www.groupe-bils-deroo.com\/wp-content\/uploads\/2025\/06\/Transport-Logistique-768x768.png 768w, https:\/\/www.groupe-bils-deroo.com\/wp-content\/uploads\/2025\/06\/Transport-Logistique-12x12.png 12w, https:\/\/www.groupe-bils-deroo.com\/wp-content\/uploads\/2025\/06\/Transport-Logistique.png 902w\" sizes=\"(max-width: 150px) 100vw, 150px\" \/>\t\t\t\t\t\t\t\t\t\t\t\t\t\t\t<\/div>\n\t\t\t\t<\/div>\n\t\t\t\t<div class=\"elementor-element elementor-element-ba7d4cf elementor-widget elementor-widget-text-editor\" data-id=\"ba7d4cf\" data-element_type=\"widget\" data-e-type=\"widget\" data-widget_type=\"text-editor.default\">\n\t\t\t\t<div class=\"elementor-widget-container\">\n\t\t\t\t\t\t\t\t\t<p>Suivez l&rsquo;actualit\u00e9 des flux, les tendances du secteur, les d\u00e9fis op\u00e9rationnels et les innovations terrain.<br \/>Analyses, interviews et retours d&rsquo;exp\u00e9rience de professionnels.<\/p>\t\t\t\t\t\t\t\t<\/div>\n\t\t\t\t<\/div>\n\t\t\t\t<\/div>\n\t\t<div class=\"elementor-element elementor-element-7e0f6ead e-con-full animated-slow e-flex elementor-invisible e-con e-child\" data-id=\"7e0f6ead\" data-element_type=\"container\" data-e-type=\"container\" data-settings=\"{&quot;background_background&quot;:&quot;gradient&quot;,&quot;animation&quot;:&quot;fadeInUp&quot;,&quot;animation_delay&quot;:&quot;200&quot;}\">\n\t\t\t\t<div class=\"elementor-element elementor-element-196d2669 elementor-widget elementor-widget-heading\" data-id=\"196d2669\" data-element_type=\"widget\" data-e-type=\"widget\" data-widget_type=\"heading.default\">\n\t\t\t\t<div class=\"elementor-widget-container\">\n\t\t\t\t\t<h3 class=\"elementor-heading-title elementor-size-default\">ENGAGEMENTS DURABLES<\/h3>\t\t\t\t<\/div>\n\t\t\t\t<\/div>\n\t\t\t\t<div class=\"elementor-element elementor-element-7a114c7e elementor-widget elementor-widget-image\" data-id=\"7a114c7e\" data-element_type=\"widget\" data-e-type=\"widget\" data-widget_type=\"image.default\">\n\t\t\t\t<div class=\"elementor-widget-container\">\n\t\t\t\t\t\t\t\t\t\t\t\t\t\t\t<img decoding=\"async\" width=\"150\" height=\"150\" src=\"https:\/\/www.groupe-bils-deroo.com\/wp-content\/uploads\/2025\/06\/Engagement-durable-150x150.png\" class=\"attachment-thumbnail size-thumbnail wp-image-7309\" alt=\"\" srcset=\"https:\/\/www.groupe-bils-deroo.com\/wp-content\/uploads\/2025\/06\/Engagement-durable-150x150.png 150w, https:\/\/www.groupe-bils-deroo.com\/wp-content\/uploads\/2025\/06\/Engagement-durable-300x300.png 300w, https:\/\/www.groupe-bils-deroo.com\/wp-content\/uploads\/2025\/06\/Engagement-durable-768x768.png 768w, https:\/\/www.groupe-bils-deroo.com\/wp-content\/uploads\/2025\/06\/Engagement-durable-12x12.png 12w, https:\/\/www.groupe-bils-deroo.com\/wp-content\/uploads\/2025\/06\/Engagement-durable.png 902w\" sizes=\"(max-width: 150px) 100vw, 150px\" \/>\t\t\t\t\t\t\t\t\t\t\t\t\t\t\t<\/div>\n\t\t\t\t<\/div>\n\t\t\t\t<div class=\"elementor-element elementor-element-61978afe elementor-widget elementor-widget-text-editor\" data-id=\"61978afe\" data-element_type=\"widget\" data-e-type=\"widget\" data-widget_type=\"text-editor.default\">\n\t\t\t\t<div class=\"elementor-widget-container\">\n\t\t\t\t\t\t\t\t\t<p>D\u00e9couvrez comment les acteurs du secteur s&rsquo;engagent pour une logistique plus responsable : initiatives \u00e9cologiques, inclusion, s\u00e9curit\u00e9 et bien-\u00eatre au travail.<\/p>\t\t\t\t\t\t\t\t<\/div>\n\t\t\t\t<\/div>\n\t\t\t\t<\/div>\n\t\t<div class=\"elementor-element elementor-element-2b91eb39 e-con-full animated-slow e-flex elementor-invisible e-con e-child\" data-id=\"2b91eb39\" data-element_type=\"container\" data-e-type=\"container\" data-settings=\"{&quot;background_background&quot;:&quot;gradient&quot;,&quot;animation&quot;:&quot;fadeInUp&quot;,&quot;animation_delay&quot;:&quot;200&quot;}\">\n\t\t\t\t<div class=\"elementor-element elementor-element-27296998 elementor-widget elementor-widget-heading\" data-id=\"27296998\" data-element_type=\"widget\" data-e-type=\"widget\" data-widget_type=\"heading.default\">\n\t\t\t\t<div class=\"elementor-widget-container\">\n\t\t\t\t\t<h3 class=\"elementor-heading-title elementor-size-default\">INNOVATIONS<\/h3>\t\t\t\t<\/div>\n\t\t\t\t<\/div>\n\t\t\t\t<div class=\"elementor-element elementor-element-480b82e1 elementor-widget elementor-widget-image\" data-id=\"480b82e1\" data-element_type=\"widget\" data-e-type=\"widget\" data-widget_type=\"image.default\">\n\t\t\t\t<div class=\"elementor-widget-container\">\n\t\t\t\t\t\t\t\t\t\t\t\t\t\t\t<img decoding=\"async\" width=\"150\" height=\"150\" src=\"https:\/\/www.groupe-bils-deroo.com\/wp-content\/uploads\/2025\/06\/Innovations-150x150.png\" class=\"attachment-thumbnail size-thumbnail wp-image-7310\" alt=\"\" srcset=\"https:\/\/www.groupe-bils-deroo.com\/wp-content\/uploads\/2025\/06\/Innovations-150x150.png 150w, https:\/\/www.groupe-bils-deroo.com\/wp-content\/uploads\/2025\/06\/Innovations-300x300.png 300w, https:\/\/www.groupe-bils-deroo.com\/wp-content\/uploads\/2025\/06\/Innovations-768x768.png 768w, https:\/\/www.groupe-bils-deroo.com\/wp-content\/uploads\/2025\/06\/Innovations-12x12.png 12w, https:\/\/www.groupe-bils-deroo.com\/wp-content\/uploads\/2025\/06\/Innovations.png 902w\" sizes=\"(max-width: 150px) 100vw, 150px\" \/>\t\t\t\t\t\t\t\t\t\t\t\t\t\t\t<\/div>\n\t\t\t\t<\/div>\n\t\t\t\t<div class=\"elementor-element elementor-element-16be3ea5 elementor-widget elementor-widget-text-editor\" data-id=\"16be3ea5\" data-element_type=\"widget\" data-e-type=\"widget\" data-widget_type=\"text-editor.default\">\n\t\t\t\t<div class=\"elementor-widget-container\">\n\t\t\t\t\t\t\t\t\t<p>Restez \u00e0 la pointe des \u00e9volutions technologiques : digitalisation, automatisation IA, mobilit\u00e9&#8230; Ce qui transforme la logistique aujourd&rsquo;hui et demain.<\/p>\t\t\t\t\t\t\t\t<\/div>\n\t\t\t\t<\/div>\n\t\t\t\t<\/div>\n\t\t\t\t\t<\/div>\n\t\t\t\t<\/div>\n\t\t\t\t<\/div>\n\t\t","protected":false},"excerpt":{"rendered":"<p>Inscrivez-vous \u00e0 notre newsletter ! Recevez chaque mois l&rsquo;actualit\u00e9 du Groupe Bils-Deroo : projets, innovations, engagements durables et solutions logistiques. TRANSPORT ET LOGISTIQUE Suivez l&rsquo;actualit\u00e9 des flux, les tendances du secteur, les d\u00e9fis op\u00e9rationnels et les innovations terrain.Analyses, interviews et retours d&rsquo;exp\u00e9rience de professionnels. ENGAGEMENTS DURABLES D\u00e9couvrez comment les acteurs du secteur s&rsquo;engagent pour une [&hellip;]<\/p>\n","protected":false},"author":1,"featured_media":0,"parent":0,"menu_order":0,"comment_status":"closed","ping_status":"closed","template":"","meta":{"_acf_changed":false,"footnotes":""},"class_list":["post-7322","page","type-page","status-publish","hentry"],"acf":[],"_links":{"self":[{"href":"https:\/\/www.groupe-bils-deroo.com\/en\/wp-json\/wp\/v2\/pages\/7322","targetHints":{"allow":["GET"]}}],"collection":[{"href":"https:\/\/www.groupe-bils-deroo.com\/en\/wp-json\/wp\/v2\/pages"}],"about":[{"href":"https:\/\/www.groupe-bils-deroo.com\/en\/wp-json\/wp\/v2\/types\/page"}],"author":[{"embeddable":true,"href":"https:\/\/www.groupe-bils-deroo.com\/en\/wp-json\/wp\/v2\/users\/1"}],"replies":[{"embeddable":true,"href":"https:\/\/www.groupe-bils-deroo.com\/en\/wp-json\/wp\/v2\/comments?post=7322"}],"version-history":[{"count":6,"href":"https:\/\/www.groupe-bils-deroo.com\/en\/wp-json\/wp\/v2\/pages\/7322\/revisions"}],"predecessor-version":[{"id":8678,"href":"https:\/\/www.groupe-bils-deroo.com\/en\/wp-json\/wp\/v2\/pages\/7322\/revisions\/8678"}],"wp:attachment":[{"href":"https:\/\/www.groupe-bils-deroo.com\/en\/wp-json\/wp\/v2\/media?parent=7322"}],"curies":[{"name":"wp","href":"https:\/\/api.w.org\/{rel}","templated":true}]}}