{"id":69,"date":"2023-07-26T16:04:12","date_gmt":"2023-07-26T14:04:12","guid":{"rendered":"https:\/\/bilsderoo-preprod.php2.webpulser.net\/?page_id=69"},"modified":"2025-02-04T17:32:06","modified_gmt":"2025-02-04T16:32:06","slug":"real-estate","status":"publish","type":"page","link":"https:\/\/www.groupe-bils-deroo.com\/en\/solutions-jobs\/real-estate\/","title":{"rendered":"Real estate"},"content":{"rendered":"<div data-elementor-type=\"wp-page\" data-elementor-id=\"69\" class=\"elementor elementor-69\" data-elementor-post-type=\"page\">\n\t\t\t\t<header class=\"elementor-element elementor-element-565343c0 e-con-full e-flex e-con e-parent\" data-id=\"565343c0\" data-element_type=\"container\" data-e-type=\"container\" data-settings=\"{&quot;background_background&quot;:&quot;classic&quot;}\">\n\t\t<div class=\"elementor-element elementor-element-26e984f6 e-con-full e-flex e-con e-child\" data-id=\"26e984f6\" data-element_type=\"container\" data-e-type=\"container\" data-settings=\"{&quot;background_background&quot;:&quot;classic&quot;}\">\n\t\t\t\t<\/div>\n\t\t<div class=\"elementor-element elementor-element-307408b9 e-con-full e-flex e-con e-child\" data-id=\"307408b9\" data-element_type=\"container\" data-e-type=\"container\" data-settings=\"{&quot;background_background&quot;:&quot;classic&quot;}\">\n\t\t\t\t<div class=\"elementor-element elementor-element-6ec4d1cd elementor-widget elementor-widget-heading\" data-id=\"6ec4d1cd\" data-element_type=\"widget\" data-e-type=\"widget\" data-widget_type=\"heading.default\">\n\t\t\t\t<div class=\"elementor-widget-container\">\n\t\t\t\t\t<h1 class=\"elementor-heading-title elementor-size-default\">Real estate<\/h1>\t\t\t\t<\/div>\n\t\t\t\t<\/div>\n\t\t\t\t<\/div>\n\t\t\t\t<\/header>\n\t\t<section class=\"elementor-element elementor-element-08356cc e-flex e-con-boxed e-con e-parent\" data-id=\"08356cc\" data-element_type=\"container\" data-e-type=\"container\">\n\t\t\t\t\t<div class=\"e-con-inner\">\n\t\t\t\t<div class=\"elementor-element elementor-element-d3ad3b6 elementor-widget elementor-widget-heading\" data-id=\"d3ad3b6\" data-element_type=\"widget\" data-e-type=\"widget\" data-widget_type=\"heading.default\">\n\t\t\t\t<div class=\"elementor-widget-container\">\n\t\t\t\t\t<h2 class=\"elementor-heading-title elementor-size-default\">A tailor-made property offer<\/h2>\t\t\t\t<\/div>\n\t\t\t\t<\/div>\n\t\t\t\t<div class=\"elementor-element elementor-element-5de8fce elementor-widget__width-initial elementor-widget elementor-widget-text-editor\" data-id=\"5de8fce\" data-element_type=\"widget\" data-e-type=\"widget\" data-widget_type=\"text-editor.default\">\n\t\t\t\t<div class=\"elementor-widget-container\">\n\t\t\t\t\t\t\t\t\t<p>The Groupe Bils-Deroo has significant expertise in the design, implementation, management, and operation of logistics platforms.<\/p>\t\t\t\t\t\t\t\t<\/div>\n\t\t\t\t<\/div>\n\t\t\t\t\t<\/div>\n\t\t\t\t<\/section>\n\t\t<section class=\"elementor-element elementor-element-500237cd e-flex e-con-boxed e-con e-parent\" data-id=\"500237cd\" data-element_type=\"container\" data-e-type=\"container\">\n\t\t\t\t\t<div class=\"e-con-inner\">\n\t\t<div class=\"elementor-element elementor-element-3cb3f4ec e-con-full e-flex e-con e-child\" data-id=\"3cb3f4ec\" data-element_type=\"container\" data-e-type=\"container\">\n\t\t\t\t<div class=\"elementor-element elementor-element-37f44f9f elementor-widget elementor-widget-heading\" data-id=\"37f44f9f\" data-element_type=\"widget\" data-e-type=\"widget\" data-widget_type=\"heading.default\">\n\t\t\t\t<div class=\"elementor-widget-container\">\n\t\t\t\t\t<h2 class=\"elementor-heading-title elementor-size-default\">Real estate heritage<\/h2>\t\t\t\t<\/div>\n\t\t\t\t<\/div>\n\t\t\t\t<div class=\"elementor-element elementor-element-5b592082 elementor-widget elementor-widget-text-editor\" data-id=\"5b592082\" data-element_type=\"widget\" data-e-type=\"widget\" data-widget_type=\"text-editor.default\">\n\t\t\t\t<div class=\"elementor-widget-container\">\n\t\t\t\t\t\t\t\t\t<p>Our strength lies in having developed an important logistics real estate portfolio that is of high quality and tailored to our clients' needs, conforming to environmental standards and positioned on strategic routes.<\/p><p>Composed of an internal team of real estate experts, we market turnkey buildings also available for rent under temporary leases or commercial leases, ranging from 200 m\u00b2 to 100,000 m\u00b2.<\/p>\t\t\t\t\t\t\t\t<\/div>\n\t\t\t\t<\/div>\n\t\t\t\t<\/div>\n\t\t<div class=\"elementor-element elementor-element-377a685f e-con-full e-flex e-con e-child\" data-id=\"377a685f\" data-element_type=\"container\" data-e-type=\"container\">\n\t\t\t\t<div class=\"elementor-element elementor-element-18294de4 elementor-widget elementor-widget-image\" data-id=\"18294de4\" data-element_type=\"widget\" data-e-type=\"widget\" data-widget_type=\"image.default\">\n\t\t\t\t<div class=\"elementor-widget-container\">\n\t\t\t\t\t\t\t\t\t\t\t\t\t\t\t<img fetchpriority=\"high\" decoding=\"async\" width=\"800\" height=\"599\" src=\"https:\/\/www.groupe-bils-deroo.com\/wp-content\/uploads\/2024\/02\/BilsDeroo_camions_20230916_063@ACHphoto-1024x767.jpg\" class=\"attachment-large size-large wp-image-4893\" alt=\"\" srcset=\"https:\/\/www.groupe-bils-deroo.com\/wp-content\/uploads\/2024\/02\/BilsDeroo_camions_20230916_063@ACHphoto-1024x767.jpg 1024w, https:\/\/www.groupe-bils-deroo.com\/wp-content\/uploads\/2024\/02\/BilsDeroo_camions_20230916_063@ACHphoto-300x225.jpg 300w, https:\/\/www.groupe-bils-deroo.com\/wp-content\/uploads\/2024\/02\/BilsDeroo_camions_20230916_063@ACHphoto-768x575.jpg 768w, https:\/\/www.groupe-bils-deroo.com\/wp-content\/uploads\/2024\/02\/BilsDeroo_camions_20230916_063@ACHphoto-1536x1150.jpg 1536w, https:\/\/www.groupe-bils-deroo.com\/wp-content\/uploads\/2024\/02\/BilsDeroo_camions_20230916_063@ACHphoto.jpg 1920w\" sizes=\"(max-width: 800px) 100vw, 800px\" \/>\t\t\t\t\t\t\t\t\t\t\t\t\t\t\t<\/div>\n\t\t\t\t<\/div>\n\t\t\t\t<\/div>\n\t\t\t\t\t<\/div>\n\t\t\t\t<\/section>\n\t\t<section class=\"elementor-element elementor-element-646fa554 e-flex e-con-boxed e-con e-parent\" data-id=\"646fa554\" data-element_type=\"container\" data-e-type=\"container\" data-settings=\"{&quot;background_background&quot;:&quot;classic&quot;}\">\n\t\t\t\t\t<div class=\"e-con-inner\">\n\t\t\t\t<div class=\"elementor-element elementor-element-10bbed24 elementor-widget elementor-widget-heading\" data-id=\"10bbed24\" data-element_type=\"widget\" data-e-type=\"widget\" data-widget_type=\"heading.default\">\n\t\t\t\t<div class=\"elementor-widget-container\">\n\t\t\t\t\t<h2 class=\"elementor-heading-title elementor-size-default\">Key figures <\/h2>\t\t\t\t<\/div>\n\t\t\t\t<\/div>\n\t\t<div class=\"elementor-element elementor-element-72a03a1 e-con-full e-flex e-con e-child\" data-id=\"72a03a1\" data-element_type=\"container\" data-e-type=\"container\">\n\t\t\t\t<div class=\"elementor-element elementor-element-5f660c51 elementor-widget-tablet__width-initial elementor-widget-mobile__width-inherit elementor-widget elementor-widget-counter\" data-id=\"5f660c51\" data-element_type=\"widget\" data-e-type=\"widget\" data-widget_type=\"counter.default\">\n\t\t\t\t<div class=\"elementor-widget-container\">\n\t\t\t\t\t\t\t<div class=\"elementor-counter\">\n\t\t\t<div class=\"elementor-counter-title\">property <\/br>of storage<\/div>\t\t\t<div class=\"elementor-counter-number-wrapper\">\n\t\t\t\t<span class=\"elementor-counter-number-prefix\"><\/span>\n\t\t\t\t<span class=\"elementor-counter-number\" data-duration=\"2000\" data-to-value=\"850000\" data-from-value=\"0\">0<\/span>\n\t\t\t\t<span class=\"elementor-counter-number-suffix\">m\u00b2<\/span>\n\t\t\t<\/div>\n\t\t<\/div>\n\t\t\t\t\t\t<\/div>\n\t\t\t\t<\/div>\n\t\t\t\t<div class=\"elementor-element elementor-element-a1600f1 elementor-widget-tablet__width-initial elementor-widget-mobile__width-inherit elementor-widget elementor-widget-counter\" data-id=\"a1600f1\" data-element_type=\"widget\" data-e-type=\"widget\" data-widget_type=\"counter.default\">\n\t\t\t\t<div class=\"elementor-widget-container\">\n\t\t\t\t\t\t\t<div class=\"elementor-counter\">\n\t\t\t<div class=\"elementor-counter-title\">agencies <\/br>transport<\/div>\t\t\t<div class=\"elementor-counter-number-wrapper\">\n\t\t\t\t<span class=\"elementor-counter-number-prefix\"><\/span>\n\t\t\t\t<span class=\"elementor-counter-number\" data-duration=\"2000\" data-to-value=\"4\" data-from-value=\"0\">0<\/span>\n\t\t\t\t<span class=\"elementor-counter-number-suffix\"><\/span>\n\t\t\t<\/div>\n\t\t<\/div>\n\t\t\t\t\t\t<\/div>\n\t\t\t\t<\/div>\n\t\t\t\t<div class=\"elementor-element elementor-element-60da32b4 elementor-widget-tablet__width-initial elementor-widget-mobile__width-inherit elementor-widget elementor-widget-counter\" data-id=\"60da32b4\" data-element_type=\"widget\" data-e-type=\"widget\" data-widget_type=\"counter.default\">\n\t\t\t\t<div class=\"elementor-widget-container\">\n\t\t\t\t\t\t\t<div class=\"elementor-counter\">\n\t\t\t<div class=\"elementor-counter-title\">of our sites under contract <\/br>green electricity<\/div>\t\t\t<div class=\"elementor-counter-number-wrapper\">\n\t\t\t\t<span class=\"elementor-counter-number-prefix\"><\/span>\n\t\t\t\t<span class=\"elementor-counter-number\" data-duration=\"2000\" data-to-value=\"100\" data-from-value=\"0\">0<\/span>\n\t\t\t\t<span class=\"elementor-counter-number-suffix\">%<\/span>\n\t\t\t<\/div>\n\t\t<\/div>\n\t\t\t\t\t\t<\/div>\n\t\t\t\t<\/div>\n\t\t\t\t<div class=\"elementor-element elementor-element-7522d749 elementor-widget-tablet__width-initial elementor-widget-mobile__width-inherit elementor-widget elementor-widget-counter\" data-id=\"7522d749\" data-element_type=\"widget\" data-e-type=\"widget\" data-widget_type=\"counter.default\">\n\t\t\t\t<div class=\"elementor-widget-container\">\n\t\t\t\t\t\t\t<div class=\"elementor-counter\">\n\t\t\t<div class=\"elementor-counter-title\">of our warehouses have <\/br>benefited from relamping<\/div>\t\t\t<div class=\"elementor-counter-number-wrapper\">\n\t\t\t\t<span class=\"elementor-counter-number-prefix\"><\/span>\n\t\t\t\t<span class=\"elementor-counter-number\" data-duration=\"2000\" data-to-value=\"100\" data-from-value=\"0\">0<\/span>\n\t\t\t\t<span class=\"elementor-counter-number-suffix\">%<\/span>\n\t\t\t<\/div>\n\t\t<\/div>\n\t\t\t\t\t\t<\/div>\n\t\t\t\t<\/div>\n\t\t\t\t<\/div>\n\t\t\t\t\t<\/div>\n\t\t\t\t<\/section>\n\t\t<section class=\"elementor-element elementor-element-43023df0 e-flex e-con-boxed e-con e-parent\" data-id=\"43023df0\" data-element_type=\"container\" data-e-type=\"container\" data-settings=\"{&quot;background_background&quot;:&quot;classic&quot;}\">\n\t\t\t\t\t<div class=\"e-con-inner\">\n\t\t\t\t<div class=\"elementor-element elementor-element-6e8755ff elementor-widget elementor-widget-heading\" data-id=\"6e8755ff\" data-element_type=\"widget\" data-e-type=\"widget\" data-widget_type=\"heading.default\">\n\t\t\t\t<div class=\"elementor-widget-container\">\n\t\t\t\t\t<h2 class=\"elementor-heading-title elementor-size-default\">our buildings<\/h2>\t\t\t\t<\/div>\n\t\t\t\t<\/div>\n\t\t\t\t<div class=\"elementor-element elementor-element-43e18017 elementor-widget__width-initial elementor-widget elementor-widget-text-editor\" data-id=\"43e18017\" data-element_type=\"widget\" data-e-type=\"widget\" data-widget_type=\"text-editor.default\">\n\t\t\t\t<div class=\"elementor-widget-container\">\n\t\t\t\t\t\t\t\t\t<p>Primarily based in Hauts-de-France, we also have the capacity to support our clients in their <strong>growth<\/strong> with the opening of platforms throughout France.<\/p><p>The Groupe Bils-Deroo has standard or specific class \"A\" buildings (through-going, single-storey, awning, high clearance, overhead crane, etc.), of all sizes to meet every need, in accordance with ICPE standards.<\/p>\t\t\t\t\t\t\t\t<\/div>\n\t\t\t\t<\/div>\n\t\t\t\t\t<\/div>\n\t\t\t\t<\/section>\n\t\t<div class=\"elementor-element elementor-element-b38746a e-grid e-con-boxed e-con e-parent\" data-id=\"b38746a\" data-element_type=\"container\" data-e-type=\"container\">\n\t\t\t\t\t<div class=\"e-con-inner\">\n\t\t\t\t<div class=\"elementor-element elementor-element-b085c38 elementor-widget elementor-widget-text-editor\" data-id=\"b085c38\" data-element_type=\"widget\" data-e-type=\"widget\" data-widget_type=\"text-editor.default\">\n\t\t\t\t<div class=\"elementor-widget-container\">\n\t\t\t\t\t\t\t\t\t<p><a href=\"http:\/\/www.groupe-bils-deroo.com\/wp-content\/uploads\/2025\/02\/FICHE-IMMOBILIER-HORDAIN_2.pdf\" data-wplink-edit=\"true\"><img decoding=\"async\" class=\"alignnone wp-image-6859 size-thumbnail\" src=\"http:\/\/www.groupe-bils-deroo.com\/wp-content\/uploads\/2025\/01\/DJI_0034_bd-150x150.jpg\" alt=\"\" width=\"150\" height=\"150\" \/><\/a><\/p><p><strong>FICHE HORDAIN (59)<\/strong><\/p>\t\t\t\t\t\t\t\t<\/div>\n\t\t\t\t<\/div>\n\t\t\t\t<div class=\"elementor-element elementor-element-2de95cf elementor-widget elementor-widget-text-editor\" data-id=\"2de95cf\" data-element_type=\"widget\" data-e-type=\"widget\" data-widget_type=\"text-editor.default\">\n\t\t\t\t<div class=\"elementor-widget-container\">\n\t\t\t\t\t\t\t\t\t<p><a href=\"http:\/\/www.groupe-bils-deroo.com\/wp-content\/uploads\/2025\/02\/FICHE-IMMOBILIER-BILLY-BERCLAU_2.pdf\"><img decoding=\"async\" class=\"alignnone wp-image-6860 size-thumbnail aligncenter\" src=\"http:\/\/www.groupe-bils-deroo.com\/wp-content\/uploads\/2025\/01\/Photo-03_BD-150x150.jpg\" alt=\"\" width=\"150\" height=\"150\" \/><\/a><\/p><p style=\"text-align: center;\"><strong>FICHE BILLY BERCLAU (62)<\/strong><\/p>\t\t\t\t\t\t\t\t<\/div>\n\t\t\t\t<\/div>\n\t\t\t\t\t<\/div>\n\t\t\t\t<\/div>\n\t\t\t\t<\/div>","protected":false},"excerpt":{"rendered":"<p>Immobilier Une offre immobili\u00e8re sur-mesure Le Groupe Bils-Deroo justifie d\u2019une expertise significative dans la conception, la r\u00e9alisation, la gestion et l\u2019exploitation de plateformes logistiques. Patrimoine immobilier Notre force est d\u2019avoir su d\u00e9velopper un patrimoine immobilier logistique important, de qualit\u00e9 et adapt\u00e9 aux besoins de nos clients, respectant les normes environnementales et positionn\u00e9 sur des axes [&hellip;]<\/p>\n","protected":false},"author":1,"featured_media":0,"parent":63,"menu_order":0,"comment_status":"closed","ping_status":"closed","template":"elementor_header_footer","meta":{"_acf_changed":false,"footnotes":""},"class_list":["post-69","page","type-page","status-publish","hentry"],"acf":[],"_links":{"self":[{"href":"https:\/\/www.groupe-bils-deroo.com\/en\/wp-json\/wp\/v2\/pages\/69","targetHints":{"allow":["GET"]}}],"collection":[{"href":"https:\/\/www.groupe-bils-deroo.com\/en\/wp-json\/wp\/v2\/pages"}],"about":[{"href":"https:\/\/www.groupe-bils-deroo.com\/en\/wp-json\/wp\/v2\/types\/page"}],"author":[{"embeddable":true,"href":"https:\/\/www.groupe-bils-deroo.com\/en\/wp-json\/wp\/v2\/users\/1"}],"replies":[{"embeddable":true,"href":"https:\/\/www.groupe-bils-deroo.com\/en\/wp-json\/wp\/v2\/comments?post=69"}],"version-history":[{"count":0,"href":"https:\/\/www.groupe-bils-deroo.com\/en\/wp-json\/wp\/v2\/pages\/69\/revisions"}],"up":[{"embeddable":true,"href":"https:\/\/www.groupe-bils-deroo.com\/en\/wp-json\/wp\/v2\/pages\/63"}],"wp:attachment":[{"href":"https:\/\/www.groupe-bils-deroo.com\/en\/wp-json\/wp\/v2\/media?parent=69"}],"curies":[{"name":"wp","href":"https:\/\/api.w.org\/{rel}","templated":true}]}}