{"id":5332,"date":"2024-03-12T08:09:34","date_gmt":"2024-03-12T07:09:34","guid":{"rendered":"https:\/\/bilsderoo-preprod.php2.webpulser.net\/?page_id=5332"},"modified":"2025-09-10T17:14:25","modified_gmt":"2025-09-10T15:14:25","slug":"legal-notices","status":"publish","type":"page","link":"https:\/\/www.groupe-bils-deroo.com\/en\/legal-notices\/","title":{"rendered":"Legal notices"},"content":{"rendered":"<div data-elementor-type=\"wp-page\" data-elementor-id=\"5332\" class=\"elementor elementor-5332\" data-elementor-post-type=\"page\">\n\t\t\t\t<section class=\"elementor-element elementor-element-70d3367 e-flex e-con-boxed e-con e-parent\" data-id=\"70d3367\" data-element_type=\"container\" data-e-type=\"container\">\n\t\t\t\t\t<div class=\"e-con-inner\">\n\t\t\t\t<div class=\"elementor-element elementor-element-7d408c3 elementor-widget elementor-widget-heading\" data-id=\"7d408c3\" data-element_type=\"widget\" data-e-type=\"widget\" data-widget_type=\"heading.default\">\n\t\t\t\t<div class=\"elementor-widget-container\">\n\t\t\t\t\t<h2 class=\"elementor-heading-title elementor-size-default\">Mentions l\u00e9gales<\/h2>\t\t\t\t<\/div>\n\t\t\t\t<\/div>\n\t\t\t\t<div class=\"elementor-element elementor-element-0ff0e74 elementor-widget elementor-widget-text-editor\" data-id=\"0ff0e74\" data-element_type=\"widget\" data-e-type=\"widget\" data-widget_type=\"text-editor.default\">\n\t\t\t\t<div class=\"elementor-widget-container\">\n\t\t\t\t\t\t\t\t\t<p><\/p>\n<p><strong><u>Propri\u00e9taire&nbsp;du site<\/u><\/strong><\/p>\n<p><\/p>\n<p>BILS-DEROO HOLDING<\/p>\n<p><\/p>\n<p>Soci\u00e9t\u00e9 par actions simplifi\u00e9e au capital de 8&nbsp;020&nbsp;430,00 \u20ac, immatricul\u00e9e au Registre du Commerce et des Soci\u00e9t\u00e9s de Douai sous le num\u00e9ro 316&nbsp;644&nbsp;640, dont le si\u00e8ge social est situ\u00e9 116 rue C\u00e9lestin Dubois \u2013 59119 Waziers.<\/p>\n<p><\/p>\n<p>T\u00e9l\u00e9phone&nbsp;: 03 27 99 99 99<\/p>\n<p><\/p>\n<p>Email&nbsp;:&nbsp;contact@bils-deroo.fr<\/p>\n<p><\/p>\n<p>TVA Intracommunautaire&nbsp;: FR87316 644 6<\/p>\n<p><\/p>\n<p><strong><u>Conception du site et h\u00e9bergement<\/u><\/strong><\/p>\n<p>Responsable publication : Jimmy BILS \u2013 contact@bils-deroo.fr<\/p>\n<p><\/p>\n<p>Webmaster : Webpulser \u2013 contact@webpulser.com<\/p>\n<p>H\u00e9bergeur : Scaleway \u2013 8 rue de la Ville l\u2019Ev\u00eaque 75008 Paris 0699365730<\/p>\n<p>D\u00e9l\u00e9gu\u00e9 \u00e0 la protection des donn\u00e9es : Jimmy Bils \u2013 contact@bils-deroo.fr<\/p>\n<p><\/p>\n<p><strong><u>Propri\u00e9t\u00e9 Intellectuelle<\/u><\/strong><\/p>\n<p><\/p>\n<p>Ce site est prot\u00e9g\u00e9 au titre de la propri\u00e9t\u00e9 intellectuelle, notamment par le droit d\u2019auteur, le droit des marques, les noms de domaine, le savoir-faire, etc.<\/p>\n<p><\/p>\n<p>Bils-Deroo Holding ou toute soci\u00e9t\u00e9 du groupe Bils-Deroo est propri\u00e9taire de l\u2019ensemble de ces contenus et droits associ\u00e9s. Sur ces contenus, Bils-Deroo Holding vous accorde une licence limit\u00e9e, non-exclusive, r\u00e9vocable, sans droit de sous-licencier pour les simples acc\u00e8s, navigation et utilisation li\u00e9s au site. Cette licence ne vous accorde aucun autre droit. C\u2019est ainsi que vous vous interdisez de reproduire ou repr\u00e9senter, int\u00e9gralement ou partiellement, les donn\u00e9es, articles, photos, illustrations, logo \u2026 qui figurent sur le site par quelque proc\u00e9d\u00e9 ou support que ce soit, et dans quelque but que ce soit, en particulier \u00e0 des fins d\u2019exploitation commerciale, sans autorisation \u00e9crite et pr\u00e9alable du Bils-Deroo.<\/p>\n<p><\/p>\n<p><strong><u>Hyperliens \u2013 Contenus embarqu\u00e9s depuis d\u2019autres sites<\/u><\/strong><\/p>\n<p><\/p>\n<p>Parmi les contenus de ce site, vous pourrez trouver des liens vers d\u2019autres sites ou des contenus int\u00e9gr\u00e9s (par exemple des vid\u00e9os, images, articles\u2026).<\/p>\n<p><\/p>\n<p>Les pages vers lesquelles des hyperliens plac\u00e9s sur ce site internet vous renverraient ne font pas partie de notre site internet. &nbsp;De la m\u00eame mani\u00e8re, le contenu int\u00e9gr\u00e9 depuis d\u2019autres sites se comporte comme si le visiteur se rendait sur cet autre site. Ces sites web pourraient collecter des donn\u00e9es sur vous, utiliser des cookies, embarquer des outils de suivis tiers, suivre vos interactions avec ces contenus embarqu\u00e9s si vous disposez d\u2019un compte connect\u00e9 sur leur site web. Bils-Deroo Holding ou toute soci\u00e9t\u00e9 du groupe Bils-Deroo ne saurait \u00eatre tenue responsable du contenu ou de la fiabilit\u00e9 de ces sites ni de l\u2019utilisation qui pourrait en \u00eatre faite par d\u2019autres utilisateurs.<\/p>\n<p><\/p>\n<p>Des sites tiers peuvent fournir des hyperliens vers ce site \u00e0 condition d\u2019avoir pr\u00e9alablement obtenu l\u2019accord \u00e9crit de Bils-Deroo Holding. La description textuelle accompagnant \u00e9ventuellement le lien devra \u00eatre approuv\u00e9e par Bils-Deroo Holding. En tout \u00e9tat de cause un site qui fournirait un hyperlien vers notre site web engagerait sa responsabilit\u00e9 pour toute atteinte \u00e0 l\u2019image de Bils-Deroo Holding.<\/p>\n<p><\/p>\n<p><strong><u>Cookies<\/u><\/strong><\/p>\n<p><\/p>\n<p>Ce site internet utilise des cookies. En utilisant notre site internet, vous acceptez que des cookies soient plac\u00e9s sur votre ordinateur.<\/p>\n<p><\/p>\n<p>Un cookie est une suite d\u2019informations, g\u00e9n\u00e9ralement de petite taille et identifi\u00e9 par un nom, qui peut \u00eatre transmis \u00e0 votre navigateur par un site web sur lequel vous vous connectez. Votre navigateur web le conservera pendant une certaine dur\u00e9e, et le renverra au serveur web chaque fois que vous vous y connecterez \u00e0 nouveau. Les cookies ont de multiples usages. Ils ont principalement pour r\u00f4le de faciliter votre navigation sur un site internet en m\u00e9morisant par exemple vos pr\u00e9f\u00e9rences utilisateurs ou votre identifiant client sur site marchand ou encore le contenu courant de votre panier d\u2019achat. Ils peuvent aussi servir \u00e0 tracer votre navigation pour des finalit\u00e9s statistiques ou publicitaires, etc.<\/p>\n<p><\/p>\n<p>Les informations collect\u00e9es ne peuvent g\u00e9n\u00e9ralement pas vous identifier directement mais visent plut\u00f4t \u00e0 personnaliser votre exp\u00e9rience en ligne.<\/p>\n<p><\/p>\n<p>Sur ce site internet, nous utilisons des cookies techniques n\u00e9cessaires au fonctionnement du site et des cookies de consentement pour g\u00e9rer vos pr\u00e9f\u00e9rences. Lorsque vous acceptez l\u2019installation de cookies, un cookie de consentement est install\u00e9 sur votre terminal.&nbsp;Ce cookie de consentement doit rester sur votre terminal. Il sera conserv\u00e9 6 mois.<\/p>\n<p>Nous utilisons \u00e9galement des cookies analytiques (Google Analytics) et des services Google int\u00e9gr\u00e9s (Fonts, Maps, reCAPTCHA) pour am\u00e9liorer nos services. Des cookies publicitaires et de remarketing sont d\u00e9ploy\u00e9s via le LinkedIn Insight Tag.<\/p>\n<p><\/p>\n<p>Nous attirons \u00e9galement votre attention sur le fait que des cookies peuvent \u00eatre plac\u00e9s par les services tiers que nous faisons appara\u00eetre sur notre site internet.<\/p>\n<p><\/p>\n<p>Si vous ne souhaitez pas recevoir ces cookies vous avez la possibilit\u00e9 de configurer votre navigateur Internet pour accepter tous les cookies ou rejeter tous les cookies et \u00eatre inform\u00e9 qu\u2019un cookie est \u00e9mis, sa dur\u00e9e de validit\u00e9 et son contenu, ainsi que vous permettre de refuser son enregistrement dans votre terminal, et supprimer vos cookies p\u00e9riodiquement. Vous pouvez param\u00e9trer votre navigateur Internet pour d\u00e9sactiver les cookies.<\/p>\n<p>Vous pouvez accepter, rejeter ou configurer tous les cookies \u00e0 tout moment ici :&nbsp;<span style=\"text-decoration: underline;\"><strong><span style=\"cursor: pointer; color: #03674b;\">Cookie settings<\/span><\/strong><\/span><\/p>\n<p><\/p>\n<p>Notez toutefois qu\u2019il est d\u00e9conseill\u00e9 de proc\u00e9der au blocage de tous les cookies. En effet certains cookies sont essentiels au fonctionnement des sites web. Le refus de ces cookies aura pour cons\u00e9quence de vous priver d\u2019un acc\u00e8s \u00e0 certains services et rendra certaines fonctionnalit\u00e9s de ce site internet inop\u00e9rantes.<\/p>\n<p><\/p>\n<p>Vous pouvez notamment vous opposer \u00e0 l\u2019enregistrement des cookies en param\u00e9trant votre navigateur de la mani\u00e8re suivante :<\/p>\n<p><\/p>\n<p>Pour Mozilla Firefox :<\/p>\n<ul>\n<li style=\"list-style-type: none;\">\n<ul>\n<li>Choisissez le menu \u00ab&nbsp;outil &nbsp;\u00bb puis \u00ab&nbsp;Options&nbsp;\u00bb<\/li>\n<\/ul>\n<\/li>\n<\/ul>\n<p><\/p>\n<ul>\n<li style=\"list-style-type: none;\">\n<ul>\n<li>Cliquez sur l\u2019ic\u00f4ne \u00ab&nbsp;vie priv\u00e9e&nbsp;\u00bb<\/li>\n<\/ul>\n<\/li>\n<\/ul>\n<p><\/p>\n<ul>\n<li style=\"list-style-type: none;\">\n<ul>\n<li>Rep\u00e9rez le menu \u00ab&nbsp;cookie&nbsp;\u00bb et s\u00e9lectionnez les options qui vous conviennent\n<\/li>\n<\/ul>\n<\/li>\n<\/ul>\n<p><\/p>\n<p><!-- \/wp:list --><!-- wp:paragraph --><\/p>\n<p>Pour Microsoft Internet Explorer :<\/p>\n<ul>\n<li style=\"list-style-type: none;\">\n<ul>\n<li>Choisissez le menu \u00ab&nbsp;Outils&nbsp;\u00bb (ou \u00ab&nbsp;Tools&nbsp;\u00bb), puis \u00ab&nbsp;Options Internet&nbsp;\u00bb (ou \u00ab&nbsp;Internet Options&nbsp;\u00bb)<\/li>\n<\/ul>\n<\/li>\n<\/ul>\n<p><!-- \/wp:list-item --><!-- wp:list-item --><\/p>\n<ul>\n<li style=\"list-style-type: none;\">\n<ul>\n<li>Cliquez sur l\u2019onglet \u00ab&nbsp;Confidentialit\u00e9&nbsp;\u00bb (ou \u00ab&nbsp;Confidentiality&nbsp;\u00bb)<\/li>\n<\/ul>\n<\/li>\n<\/ul>\n<p><!-- \/wp:list-item --><!-- wp:list-item --><\/p>\n<ul>\n<li style=\"list-style-type: none;\">\n<ul>\n<li>S\u00e9lectionnez le niveau souhait\u00e9 \u00e0 l\u2019aide du curseur (Haute pour bloquer tous les cookies)\n<\/li>\n<\/ul>\n<\/li>\n<\/ul>\n<p><!-- \/wp:list-item --><\/p>\n<p><!-- \/wp:list --><!-- wp:paragraph --><\/p>\n<p>Pour Safari :<\/p>\n<ul>\n<li style=\"list-style-type: none;\">\n<ul>\n<li>Dans la barre de menu, choisir le menu Edition<\/li>\n<\/ul>\n<\/li>\n<\/ul>\n<p><!-- \/wp:list-item --><!-- wp:list-item --><\/p>\n<ul>\n<li style=\"list-style-type: none;\">\n<ul>\n<li>Dans le menu d\u00e9roulant, choisir Pr\u00e9f\u00e9rences<\/li>\n<\/ul>\n<\/li>\n<\/ul>\n<p><!-- \/wp:list-item --><!-- wp:list-item --><\/p>\n<ul>\n<li style=\"list-style-type: none;\">\n<ul>\n<li>Choisir l\u2019ic\u00f4ne \u00ab S\u00e9curit\u00e9 \u00bb<\/li>\n<\/ul>\n<\/li>\n<\/ul>\n<p><!-- \/wp:list-item --><!-- wp:list-item --><\/p>\n<ul>\n<li style=\"list-style-type: none;\">\n<ul>\n<li>Pour interdire les cookies, choisir l\u2019option \u00ab Jamais \u00bb. Il n\u2019est pas possible de bloquer les cookies au cas par cas avec ce navigateur\n<\/li>\n<\/ul>\n<\/li>\n<\/ul>\n<p><!-- \/wp:list-item --><\/p>\n<p><!-- \/wp:list --><!-- wp:paragraph --><\/p>\n<p>Pour Chrome :<\/p>\n<ul>\n<li style=\"list-style-type: none;\">\n<ul>\n<li>Cliquez sur le menu Google Chrome dans la barre d\u2019outils du navigateur<\/li>\n<\/ul>\n<\/li>\n<\/ul>\n<p><!-- \/wp:list-item --><!-- wp:list-item --><\/p>\n<ul>\n<li style=\"list-style-type: none;\">\n<ul>\n<li>S\u00e9lectionnez Param\u00e8tres<\/li>\n<\/ul>\n<\/li>\n<\/ul>\n<p><!-- \/wp:list-item --><!-- wp:list-item --><\/p>\n<ul>\n<li style=\"list-style-type: none;\">\n<ul>\n<li>Cliquez sur Afficher les param\u00e8tres avanc\u00e9s<\/li>\n<\/ul>\n<\/li>\n<\/ul>\n<p><!-- \/wp:list-item --><!-- wp:list-item --><\/p>\n<ul>\n<li style=\"list-style-type: none;\">\n<ul>\n<li>Dans la section \u00ab&nbsp;Confidentialit\u00e9&nbsp;\u00bb, cliquez sur le bouton Param\u00e8tres de contenu<\/li>\n<\/ul>\n<\/li>\n<\/ul>\n<p><!-- \/wp:list-item --><!-- wp:list-item --><\/p>\n<ul>\n<li style=\"list-style-type: none;\">\n<ul>\n<li>Dans la section \u00ab&nbsp;Cookies&nbsp;\u00bb, vous pouvez modifier les param\u00e8tres suivants : Bloquer tous les cookies : s\u00e9lectionnez l\u2019option \u00ab&nbsp;Interdire \u00e0 tous les sites de stocker des donn\u00e9es&nbsp;\u00bb<\/li>\n<\/ul>\n<\/li>\n<\/ul>\n<p><!-- \/wp:list-item --><\/p>\n<p><!-- \/wp:list --><\/p>\t\t\t\t\t\t\t\t<\/div>\n\t\t\t\t<\/div>\n\t\t\t\t\t<\/div>\n\t\t\t\t<\/section>\n\t\t\t\t<\/div>","protected":false},"excerpt":{"rendered":"<p>Mentions l\u00e9gales Propri\u00e9taire&nbsp;du site BILS-DEROO HOLDING Soci\u00e9t\u00e9 par actions simplifi\u00e9e au capital de 8&nbsp;020&nbsp;430,00 \u20ac, immatricul\u00e9e au Registre du Commerce et des Soci\u00e9t\u00e9s de Douai sous le num\u00e9ro 316&nbsp;644&nbsp;640, dont le si\u00e8ge social est situ\u00e9 116 rue C\u00e9lestin Dubois \u2013 59119 Waziers. T\u00e9l\u00e9phone&nbsp;: 03 27 99 99 99 Email&nbsp;:&nbsp;contact@bils-deroo.fr TVA Intracommunautaire&nbsp;: FR87316 644 6 Conception [&hellip;]<\/p>\n","protected":false},"author":1,"featured_media":0,"parent":0,"menu_order":0,"comment_status":"closed","ping_status":"closed","template":"elementor_header_footer","meta":{"_acf_changed":false,"footnotes":""},"class_list":["post-5332","page","type-page","status-publish","hentry"],"acf":[],"_links":{"self":[{"href":"https:\/\/www.groupe-bils-deroo.com\/en\/wp-json\/wp\/v2\/pages\/5332","targetHints":{"allow":["GET"]}}],"collection":[{"href":"https:\/\/www.groupe-bils-deroo.com\/en\/wp-json\/wp\/v2\/pages"}],"about":[{"href":"https:\/\/www.groupe-bils-deroo.com\/en\/wp-json\/wp\/v2\/types\/page"}],"author":[{"embeddable":true,"href":"https:\/\/www.groupe-bils-deroo.com\/en\/wp-json\/wp\/v2\/users\/1"}],"replies":[{"embeddable":true,"href":"https:\/\/www.groupe-bils-deroo.com\/en\/wp-json\/wp\/v2\/comments?post=5332"}],"version-history":[{"count":16,"href":"https:\/\/www.groupe-bils-deroo.com\/en\/wp-json\/wp\/v2\/pages\/5332\/revisions"}],"predecessor-version":[{"id":8509,"href":"https:\/\/www.groupe-bils-deroo.com\/en\/wp-json\/wp\/v2\/pages\/5332\/revisions\/8509"}],"wp:attachment":[{"href":"https:\/\/www.groupe-bils-deroo.com\/en\/wp-json\/wp\/v2\/media?parent=5332"}],"curies":[{"name":"wp","href":"https:\/\/api.w.org\/{rel}","templated":true}]}}