{"id":3,"date":"2023-07-18T16:17:58","date_gmt":"2023-07-18T14:17:58","guid":{"rendered":"http:\/\/bilsderoo-preprod.php2.webpulser.net\/?page_id=3"},"modified":"2025-09-11T09:45:37","modified_gmt":"2025-09-11T07:45:37","slug":"privacy-policy","status":"publish","type":"page","link":"https:\/\/www.groupe-bils-deroo.com\/en\/privacy-policy\/","title":{"rendered":"Privacy Policy"},"content":{"rendered":"<div data-elementor-type=\"wp-page\" data-elementor-id=\"3\" class=\"elementor elementor-3\" data-elementor-post-type=\"page\">\n\t\t\t\t<section class=\"elementor-element elementor-element-4fb0977 e-flex e-con-boxed e-con e-parent\" data-id=\"4fb0977\" data-element_type=\"container\" data-e-type=\"container\">\n\t\t\t\t\t<div class=\"e-con-inner\">\n\t\t\t\t<div class=\"elementor-element elementor-element-e627c48 elementor-widget elementor-widget-heading\" data-id=\"e627c48\" data-element_type=\"widget\" data-e-type=\"widget\" data-widget_type=\"heading.default\">\n\t\t\t\t<div class=\"elementor-widget-container\">\n\t\t\t\t\t<h2 class=\"elementor-heading-title elementor-size-default\">Privacy Policy<\/h2>\t\t\t\t<\/div>\n\t\t\t\t<\/div>\n\t\t\t\t<div class=\"elementor-element elementor-element-83ab105 elementor-widget elementor-widget-text-editor\" data-id=\"83ab105\" data-element_type=\"widget\" data-e-type=\"widget\" data-widget_type=\"text-editor.default\">\n\t\t\t\t<div class=\"elementor-widget-container\">\n\t\t\t\t\t\t\t\t\t<p>La pr\u00e9sente politique de confidentialit\u00e9 du groupe Bils-Deroo d\u00e9crit les pratiques mises en place par Bils-Deroo Holding et toute soci\u00e9t\u00e9 qui lui est affili\u00e9e, dans le cadre de la collecte et du traitement des donn\u00e9es \u00e0 caract\u00e8re personnel vous concernant recueillies via ce site internet, notamment sous l\u2019onglet recrutement.<\/p><p>Une donn\u00e9e \u00e0 caract\u00e8re personnel est une information permettant d\u2019identifier directement ou indirectement une personne physique (nom, pr\u00e9nom, date de naissance, adresse email, adresse IP, num\u00e9ro de t\u00e9l\u00e9phone, etc.).<\/p><p>Les donn\u00e9es personnelles vous concernant, qui sont collect\u00e9es via ce site internet, seront utilis\u00e9es pour un but pr\u00e9cis, explicite et l\u00e9gitime.<\/p><p><strong><u>Type de donn\u00e9es personnelles collect\u00e9es<\/u><\/strong><\/p><p>Dans le cadre de ses activit\u00e9s en ligne, le groupe Bils-Deroo est susceptible de collecter les donn\u00e9es personnelles suivantes :<\/p><ul><li>Donn\u00e9es d&rsquo;\u00e9tat civil, d&rsquo;identit\u00e9 : nom, pr\u00e9nom, entreprise, fonction, num\u00e9ro de t\u00e9l\u00e9phone, adresse email;<\/li><li>Donn\u00e9es relatives \u00e0 la vie professionnelle : CV, qualifications, formations, exp\u00e9riences professionnelles, etc.<\/li><\/ul><p><br \/>Ces donn\u00e9es sont collect\u00e9es via 5 formulaires : 4 formulaires disponibles sur notre site web (contact g\u00e9n\u00e9ral, recrutement, inscription newsletter et t\u00e9l\u00e9chargement livre blanc) et 1 formulaire sur LinkedIn, transmises vers <a href=\"mailto:contact@bils-deroo.fr\">contact@bils-deroo.fr<\/a> ou \u00a0<a href=\"mailto:DPO@bils-deroo.fr\">DPO@bils-deroo.fr<\/a>.<\/p><p><strong><u>Finalit\u00e9s du traitement<\/u><\/strong><\/p><p>Nous utilisons ces donn\u00e9es \u00e0 caract\u00e8re personnel (uniquement si vous y consentez) pour :<\/p><ul><li>Traiter vos demandes de contact et vous fournir les informations demand\u00e9es,<\/li><li>G\u00e9rer les candidatures et processus de recrutement,<\/li><li>Vous envoyer nos actualit\u00e9s,<\/li><li>Vous transmettre nos contenus t\u00e9l\u00e9chargeables,<\/li><li>Vous recontacter pour des \u00e9changes commerciaux.<\/li><\/ul><p><br \/>La consultation de ce site internet ne n\u00e9cessite pas d\u2019inscription ni d\u2019identification pr\u00e9alable. Elle peut s\u2019effectuer sans que vous ne communiquiez de donn\u00e9es nominatives vous concernant (nom, pr\u00e9nom, adresse, etc.). Nous ne proc\u00e9dons \u00e0 aucun enregistrement de donn\u00e9es nominatives pour la simple consultation du site.<\/p><p><strong><u>Sur quel fondement recueillons-nous vos donn\u00e9es personnelles\u00a0?<\/u><\/strong><\/p><p>Les donn\u00e9es \u00e0 caract\u00e8re personnel vous concernant, collect\u00e9es au travers de ce site internet, le sont avec votre consentement.<\/p><p><strong><u>S\u00e9curit\u00e9 et destinataires<\/u><\/strong><\/p><p>Le groupe Bils-Deroo et notamment Bils-Deroo Holding, s\u2019engage \u00e0 prot\u00e9ger vos donn\u00e9es \u00e0 caract\u00e8re personnel et \u00e0 pr\u00e9server leur exactitude. Il met ainsi en place les protections physiques, organisationnelles et techniques raisonnables afin d\u2018\u00e9viter l\u2019acc\u00e8s, l\u2019utilisation et la diffusion non autoris\u00e9s de vos informations personnelles.<\/p><p>Vos donn\u00e9es seront trait\u00e9es par les services habilit\u00e9s du groupe Bils-Deroo et pourront \u00eatre partag\u00e9es au sein des diff\u00e9rentes soci\u00e9t\u00e9s filiales du groupe ou transmises \u00e0 des prestataires de service externes agissant pour le compte des soci\u00e9t\u00e9s du groupe Bils-Deroo.<\/p><p>Dans certains cas, des informations personnelles vous concernant peuvent faire l\u2019objet d\u2019une communication \u00e0 une administration sur ordre d\u2019une instance judiciaire ou dans le cadre d\u2019une injonction d\u2019un tribunal ou d\u2019une proc\u00e9dure l\u00e9gale.<\/p><p>Le groupe Bils-Deroo et notamment Bils-Deroo Holding, s\u2019engage \u00e0 ne pas transf\u00e9rer vos donn\u00e9es personnelles en dehors de l\u2019Union Europ\u00e9enne.<\/p><p><strong><u>Dur\u00e9e de conservation<\/u><\/strong><\/p><p>Les donn\u00e9es \u00e0 caract\u00e8re personnel vous concernant, que le groupe Bils-Deroo aurait pu collecter, ne seront pas conserv\u00e9es plus longtemps que n\u00e9cessaire aux besoins pour lesquels elles sont trait\u00e9es (2 ans maximum pour les donn\u00e9es personnelles relatives \u00e0 la vie professionnelle), y compris pour la s\u00e9curit\u00e9 des traitements effectu\u00e9s, conform\u00e9ment aux obligations l\u00e9gales et r\u00e9glementaires, pour le r\u00e8glement d\u2019\u00e9ventuels diff\u00e9rends et pour faire valoir, exercer ou d\u00e9fendre ses droits.<\/p><p><strong><u>Quels sont vos droits<\/u><\/strong><\/p><p>Conform\u00e9ment \u00e0 la l\u00e9gislation locale en vigueur vous disposez de diff\u00e9rents droits\u00a0:<\/p><ul><li>Un droit d\u2019acc\u00e8s\u00a0: vous pouvez obtenir une copie d\u2019une partie de vos donn\u00e9es personnelles.<\/li><li>Un droit de rectification\u00a0: vous pouvez modifier tout ou partie de vos donn\u00e9es personnelles.<\/li><li>Un droit d\u2019opposition : vous pouvez demander \u00e0 Bils-Deroo Holding de cesser d\u2019utiliser tout ou partie de vos donn\u00e9es personnelles.<\/li><li>Un droit\u00a0de limitation : vous pouvez demander \u00e0 Bils-Deroo Holding de cesser d\u2019utiliser tout ou partie de vos donn\u00e9es personnelles.<\/li><li>Un droit \u00e0 l\u2019effacement\u00a0: vous pouvez nous demander de supprimer tout ou partie de vos donn\u00e9es personnelles.<\/li><li>Un droit \u00e0 la portabilit\u00e9 de vos donn\u00e9es.<\/li><\/ul><p><br \/>Vous pouvez exercer vos droits en nous \u00e9crivant via le formulaire de contact du site ou \u00e0 l\u2019adresse mail suivante\u00a0:\u00a0\u00a0<span style=\"text-decoration: underline;\"><a href=\"mailto:DPO@bils-deroo.fr\">DPO@bils-deroo.fr<\/a><\/span><\/p><p>Afin que le responsable du traitement des donn\u00e9es fasse droit \u00e0 votre demande, vous \u00eates tenu de lui communiquer\u00a0: vos pr\u00e9nom, nom, adresse email, ainsi qu\u2019un justificatif d\u2019identit\u00e9. Bils-Deroo Holding s\u2019engage \u00e0 vous r\u00e9pondre dans un d\u00e9lai raisonnable.<\/p><p>Vous avez \u00e9galement la possibilit\u00e9 de d\u00e9poser une r\u00e9clamation aupr\u00e8s de la Commission Nationale de l\u2019Informatique et des Libert\u00e9s.<\/p>\t\t\t\t\t\t\t\t<\/div>\n\t\t\t\t<\/div>\n\t\t\t\t\t<\/div>\n\t\t\t\t<\/section>\n\t\t\t\t<\/div>","protected":false},"excerpt":{"rendered":"<p>Politique de confidentialit\u00e9 La pr\u00e9sente politique de confidentialit\u00e9 du groupe Bils-Deroo d\u00e9crit les pratiques mises en place par Bils-Deroo Holding et toute soci\u00e9t\u00e9 qui lui est affili\u00e9e, dans le cadre de la collecte et du traitement des donn\u00e9es \u00e0 caract\u00e8re personnel vous concernant recueillies via ce site internet, notamment sous l\u2019onglet recrutement. Une donn\u00e9e \u00e0 [&hellip;]<\/p>\n","protected":false},"author":1,"featured_media":0,"parent":0,"menu_order":0,"comment_status":"closed","ping_status":"open","template":"elementor_header_footer","meta":{"_acf_changed":false,"footnotes":""},"class_list":["post-3","page","type-page","status-publish","hentry"],"acf":[],"_links":{"self":[{"href":"https:\/\/www.groupe-bils-deroo.com\/en\/wp-json\/wp\/v2\/pages\/3","targetHints":{"allow":["GET"]}}],"collection":[{"href":"https:\/\/www.groupe-bils-deroo.com\/en\/wp-json\/wp\/v2\/pages"}],"about":[{"href":"https:\/\/www.groupe-bils-deroo.com\/en\/wp-json\/wp\/v2\/types\/page"}],"author":[{"embeddable":true,"href":"https:\/\/www.groupe-bils-deroo.com\/en\/wp-json\/wp\/v2\/users\/1"}],"replies":[{"embeddable":true,"href":"https:\/\/www.groupe-bils-deroo.com\/en\/wp-json\/wp\/v2\/comments?post=3"}],"version-history":[{"count":13,"href":"https:\/\/www.groupe-bils-deroo.com\/en\/wp-json\/wp\/v2\/pages\/3\/revisions"}],"predecessor-version":[{"id":8523,"href":"https:\/\/www.groupe-bils-deroo.com\/en\/wp-json\/wp\/v2\/pages\/3\/revisions\/8523"}],"wp:attachment":[{"href":"https:\/\/www.groupe-bils-deroo.com\/en\/wp-json\/wp\/v2\/media?parent=3"}],"curies":[{"name":"wp","href":"https:\/\/api.w.org\/{rel}","templated":true}]}}